{"id":93,"date":"2010-03-24T23:05:43","date_gmt":"2010-03-24T23:05:43","guid":{"rendered":"http:\/\/kvarnis.kicks-ass.org\/wordpress\/?page_id=93"},"modified":"2014-07-09T02:42:00","modified_gmt":"2014-07-09T00:42:00","slug":"gym","status":"publish","type":"page","link":"https:\/\/www.kvarnparksbadet.org\/?page_id=93","title":{"rendered":"Anl\u00e4ggningen"},"content":{"rendered":"<p>P\u00e5 Kvarnparksbadet finns tv\u00e5 bass\u00e4nger, en stor och en liten. Den stora bass\u00e4ngen m\u00e4ter 25&#215;10 meter. Den \u00e4r 1,10 meter djup i den grunda delen och 1,90 meter i den djupa.<\/p>\n<p>Den lilla bass\u00e4ngen m\u00e4ter 13&#215;7 meter och \u00e4r uppdelad i en plaskpool f\u00f6r de minsta och en lite djupare del f\u00f6r de n\u00e5got \u00e4ldre barnen.<\/p>\n<p>Duschar finns b\u00e5de utomhus och i v\u00e5ra nyrenoverade omkl\u00e4dningsrum. I b\u00e5da omkl\u00e4dningsrummen finns ocks\u00e5 varsin bastu.<\/p>\n<p>Ut\u00f6ver badavdelningen har vi \u00e4ven ett pingisbord som \u00e4r fritt att anv\u00e4nda f\u00f6r badg\u00e4ster.<\/p>\n<p>&nbsp;<\/p>\n","protected":false},"excerpt":{"rendered":"<p>P\u00e5 Kvarnparksbadet finns tv\u00e5 bass\u00e4nger, en stor och en liten. Den stora bass\u00e4ngen m\u00e4ter 25&#215;10 meter. Den \u00e4r 1,10 meter djup i den grunda delen och 1,90 meter i den djupa. Den lilla bass\u00e4ngen m\u00e4ter 13&#215;7 meter och \u00e4r uppdelad i en plaskpool f\u00f6r de minsta och en lite djupare del f\u00f6r de n\u00e5got \u00e4ldre [&hellip;]<\/p>\n","protected":false},"author":1,"featured_media":0,"parent":0,"menu_order":4,"comment_status":"closed","ping_status":"closed","template":"","meta":[],"_links":{"self":[{"href":"https:\/\/www.kvarnparksbadet.org\/index.php?rest_route=\/wp\/v2\/pages\/93"}],"collection":[{"href":"https:\/\/www.kvarnparksbadet.org\/index.php?rest_route=\/wp\/v2\/pages"}],"about":[{"href":"https:\/\/www.kvarnparksbadet.org\/index.php?rest_route=\/wp\/v2\/types\/page"}],"author":[{"embeddable":true,"href":"https:\/\/www.kvarnparksbadet.org\/index.php?rest_route=\/wp\/v2\/users\/1"}],"replies":[{"embeddable":true,"href":"https:\/\/www.kvarnparksbadet.org\/index.php?rest_route=%2Fwp%2Fv2%2Fcomments&post=93"}],"version-history":[{"count":23,"href":"https:\/\/www.kvarnparksbadet.org\/index.php?rest_route=\/wp\/v2\/pages\/93\/revisions"}],"predecessor-version":[{"id":643,"href":"https:\/\/www.kvarnparksbadet.org\/index.php?rest_route=\/wp\/v2\/pages\/93\/revisions\/643"}],"wp:attachment":[{"href":"https:\/\/www.kvarnparksbadet.org\/index.php?rest_route=%2Fwp%2Fv2%2Fmedia&parent=93"}],"curies":[{"name":"wp","href":"https:\/\/api.w.org\/{rel}","templated":true}]}}