{"id":691,"date":"2015-02-23T17:48:09","date_gmt":"2015-02-23T16:48:09","guid":{"rendered":"http:\/\/www.kvarnparksbadet.org\/?page_id=691"},"modified":"2015-02-23T17:56:58","modified_gmt":"2015-02-23T16:56:58","slug":"nu-blir-det-reklamfilm","status":"publish","type":"page","link":"https:\/\/www.kvarnparksbadet.org\/?page_id=691","title":{"rendered":"Nu blir det reklamfilm&#8230;"},"content":{"rendered":"<p>En kort film om vad du kan g\u00f6ra p\u00e5 Kvarnparksbadet.<\/p>\n<p><a href=\"http:\/\/www.kvarnparksbadet.org\/wp-content\/uploads\/2015\/02\/Sequence-01_12.mp4\">Klicka h\u00e4r f\u00f6r att se filmen<\/a><\/p>\n","protected":false},"excerpt":{"rendered":"<p>En kort film om vad du kan g\u00f6ra p\u00e5 Kvarnparksbadet. Klicka h\u00e4r f\u00f6r att se filmen<\/p>\n","protected":false},"author":1,"featured_media":0,"parent":2,"menu_order":0,"comment_status":"closed","ping_status":"open","template":"","meta":[],"_links":{"self":[{"href":"https:\/\/www.kvarnparksbadet.org\/index.php?rest_route=\/wp\/v2\/pages\/691"}],"collection":[{"href":"https:\/\/www.kvarnparksbadet.org\/index.php?rest_route=\/wp\/v2\/pages"}],"about":[{"href":"https:\/\/www.kvarnparksbadet.org\/index.php?rest_route=\/wp\/v2\/types\/page"}],"author":[{"embeddable":true,"href":"https:\/\/www.kvarnparksbadet.org\/index.php?rest_route=\/wp\/v2\/users\/1"}],"replies":[{"embeddable":true,"href":"https:\/\/www.kvarnparksbadet.org\/index.php?rest_route=%2Fwp%2Fv2%2Fcomments&post=691"}],"version-history":[{"count":3,"href":"https:\/\/www.kvarnparksbadet.org\/index.php?rest_route=\/wp\/v2\/pages\/691\/revisions"}],"predecessor-version":[{"id":697,"href":"https:\/\/www.kvarnparksbadet.org\/index.php?rest_route=\/wp\/v2\/pages\/691\/revisions\/697"}],"up":[{"embeddable":true,"href":"https:\/\/www.kvarnparksbadet.org\/index.php?rest_route=\/wp\/v2\/pages\/2"}],"wp:attachment":[{"href":"https:\/\/www.kvarnparksbadet.org\/index.php?rest_route=%2Fwp%2Fv2%2Fmedia&parent=691"}],"curies":[{"name":"wp","href":"https:\/\/api.w.org\/{rel}","templated":true}]}}