{"id":44,"date":"2010-03-24T21:40:57","date_gmt":"2010-03-24T20:40:57","guid":{"rendered":"http:\/\/kvarnis.kicks-ass.org\/wordpress\/?page_id=44"},"modified":"2026-04-29T21:06:57","modified_gmt":"2026-04-29T19:06:57","slug":"oppetider","status":"publish","type":"page","link":"https:\/\/www.kvarnparksbadet.org\/?page_id=44","title":{"rendered":"\u00d6ppettider"},"content":{"rendered":"<h2><span style=\"color: #ff0000;\"><strong><span style=\"color: #000000;\">S\u00e4songen 2026<\/span><\/strong><\/span><\/h2>\n<p><img decoding=\"async\" loading=\"lazy\" class=\"alignright size-full wp-image-220\" title=\"badvakt\" src=\"http:\/\/www.kvarnparksbadet.org\/wp-content\/uploads\/2010\/03\/badvakt1.png\" alt=\"\" width=\"200\" height=\"299\" \/><strong>23 maj till 31 maj<\/strong><br \/>\nVardagar 13:00 &#8211; 20:00<br \/>\nL\u00f6rdagar 09:00 &#8211; 18:00<br \/>\nS\u00f6ndagar 09:00 &#8211; 18:00<\/p>\n<p><strong>1 juni till 23 augusti (prel st\u00e4ngningsdag)<\/strong><br \/>\nVardagar 07:00 &#8211; 20:00<br \/>\nL\u00f6rdagar 09:00 &#8211; 18:00<br \/>\nS\u00f6ndagar 09:00 &#8211; 18:00<\/p>\n<p>Observera att bass\u00e4ngerna st\u00e4nger 30 minuter tidigare<\/p>\n<p><strong>Matservering i Cafe\u00e9t:<\/strong><br \/>\nVardagar 10:00 &#8211; 18:00<br \/>\nHelger till 10:30 &#8211; 16:30<br \/>\n(Glass o dricka s\u00e4ljs till bass\u00e4ngerna st\u00e4nger)<\/p>\n<p><strong><span style=\"color: red;\">Undantag fr\u00e5n ovan angivna \u00f6ppettider:<\/span><\/strong><\/p>\n<p>(6 juni Sveriges nationaldag 09:00 &#8211; 18:00)<\/p>\n<p>Midsommarafton 19 juni \u00a0 <strong>ST\u00c4NGT<\/strong><br \/>\nMidsommardagen 20 juni \u00a0 <strong>ST\u00c4NGT<br \/>\n<\/strong><\/p>\n<p><span style=\"color: #ff0000;\">\u00c4ndringar i tider och datum kan ske.<\/span><\/p>\n","protected":false},"excerpt":{"rendered":"<p>S\u00e4songen 2026 23 maj till 31 maj Vardagar 13:00 &#8211; 20:00 L\u00f6rdagar 09:00 &#8211; 18:00 S\u00f6ndagar 09:00 &#8211; 18:00 1 juni till 23 augusti (prel st\u00e4ngningsdag) Vardagar 07:00 &#8211; 20:00 L\u00f6rdagar 09:00 &#8211; 18:00 S\u00f6ndagar 09:00 &#8211; 18:00 Observera att bass\u00e4ngerna st\u00e4nger 30 minuter tidigare Matservering i Cafe\u00e9t: Vardagar 10:00 &#8211; 18:00 Helger till 10:30 [&hellip;]<\/p>\n","protected":false},"author":1,"featured_media":0,"parent":0,"menu_order":1,"comment_status":"closed","ping_status":"closed","template":"","meta":[],"_links":{"self":[{"href":"https:\/\/www.kvarnparksbadet.org\/index.php?rest_route=\/wp\/v2\/pages\/44"}],"collection":[{"href":"https:\/\/www.kvarnparksbadet.org\/index.php?rest_route=\/wp\/v2\/pages"}],"about":[{"href":"https:\/\/www.kvarnparksbadet.org\/index.php?rest_route=\/wp\/v2\/types\/page"}],"author":[{"embeddable":true,"href":"https:\/\/www.kvarnparksbadet.org\/index.php?rest_route=\/wp\/v2\/users\/1"}],"replies":[{"embeddable":true,"href":"https:\/\/www.kvarnparksbadet.org\/index.php?rest_route=%2Fwp%2Fv2%2Fcomments&post=44"}],"version-history":[{"count":65,"href":"https:\/\/www.kvarnparksbadet.org\/index.php?rest_route=\/wp\/v2\/pages\/44\/revisions"}],"predecessor-version":[{"id":1520,"href":"https:\/\/www.kvarnparksbadet.org\/index.php?rest_route=\/wp\/v2\/pages\/44\/revisions\/1520"}],"wp:attachment":[{"href":"https:\/\/www.kvarnparksbadet.org\/index.php?rest_route=%2Fwp%2Fv2%2Fmedia&parent=44"}],"curies":[{"name":"wp","href":"https:\/\/api.w.org\/{rel}","templated":true}]}}