{"id":42,"date":"2010-03-24T20:39:59","date_gmt":"2010-03-24T20:39:59","guid":{"rendered":"http:\/\/kvarnis.kicks-ass.org\/wordpress\/?page_id=42"},"modified":"2024-06-05T09:21:36","modified_gmt":"2024-06-05T07:21:36","slug":"kontakt","status":"publish","type":"page","link":"https:\/\/www.kvarnparksbadet.org\/?page_id=42","title":{"rendered":"Kontakt"},"content":{"rendered":"<p><strong>Telefonnummer <\/strong><br \/>\nBadet: 08-755 92 42<br \/>\nKiosken\/Smedjan: 08-755 92 42<br \/>\nInformation och bokning av Smedjan: 08-755 92 42 (Ej under sommaren)<\/p>\n<p><strong>Epost<\/strong><br \/>\ninfo@kvarnparksbadet.org<\/p>\n<p><strong>Bes\u00f6ksadress<\/strong><img decoding=\"async\" loading=\"lazy\" class=\"alignright size-full wp-image-262\" title=\"livboj\" src=\"http:\/\/www.kvarnparksbadet.org\/wp-content\/uploads\/2010\/03\/livboj.png\" alt=\"\" width=\"300\" height=\"201\" \/><br \/>\nNorag\u00e5rdsv\u00e4gen 29A<br \/>\nDanderyd<br \/>\n<strong><a href=\"http:\/\/www.kvarnparksbadet.org\/?page_id=176\">Hitta hit!<\/a><\/strong><\/p>\n<p><strong>Postadress<\/strong><br \/>\nBox 2051<br \/>\n182 02 DANDERYD<\/p>\n<p><strong>Bankgiro<\/strong><br \/>\n5254-8245<\/p>\n<p><strong>Org. nr.<\/strong><br \/>\n8120-004406<\/p>\n<p><strong>Kvarnparksbadets logotyp hittar Ni h\u00e4r:<\/strong><br \/>\n<a href=\"http:\/\/www.kvarnparksbadet.org\/wp-content\/uploads\/2010\/04\/Kvarnparksbadetslogotyp.tif\">Logotyp<\/a><strong><br \/>\n<\/strong><\/p>\n","protected":false},"excerpt":{"rendered":"<p>Telefonnummer Badet: 08-755 92 42 Kiosken\/Smedjan: 08-755 92 42 Information och bokning av Smedjan: 08-755 92 42 (Ej under sommaren) Epost info@kvarnparksbadet.org Bes\u00f6ksadress Norag\u00e5rdsv\u00e4gen 29A Danderyd Hitta hit! Postadress Box 2051 182 02 DANDERYD Bankgiro 5254-8245 Org. nr. 8120-004406 Kvarnparksbadets logotyp hittar Ni h\u00e4r: Logotyp<\/p>\n","protected":false},"author":1,"featured_media":0,"parent":0,"menu_order":9,"comment_status":"closed","ping_status":"closed","template":"","meta":[],"_links":{"self":[{"href":"https:\/\/www.kvarnparksbadet.org\/index.php?rest_route=\/wp\/v2\/pages\/42"}],"collection":[{"href":"https:\/\/www.kvarnparksbadet.org\/index.php?rest_route=\/wp\/v2\/pages"}],"about":[{"href":"https:\/\/www.kvarnparksbadet.org\/index.php?rest_route=\/wp\/v2\/types\/page"}],"author":[{"embeddable":true,"href":"https:\/\/www.kvarnparksbadet.org\/index.php?rest_route=\/wp\/v2\/users\/1"}],"replies":[{"embeddable":true,"href":"https:\/\/www.kvarnparksbadet.org\/index.php?rest_route=%2Fwp%2Fv2%2Fcomments&post=42"}],"version-history":[{"count":30,"href":"https:\/\/www.kvarnparksbadet.org\/index.php?rest_route=\/wp\/v2\/pages\/42\/revisions"}],"predecessor-version":[{"id":1452,"href":"https:\/\/www.kvarnparksbadet.org\/index.php?rest_route=\/wp\/v2\/pages\/42\/revisions\/1452"}],"wp:attachment":[{"href":"https:\/\/www.kvarnparksbadet.org\/index.php?rest_route=%2Fwp%2Fv2%2Fmedia&parent=42"}],"curies":[{"name":"wp","href":"https:\/\/api.w.org\/{rel}","templated":true}]}}