{"id":250,"date":"2010-04-05T14:29:46","date_gmt":"2010-04-05T14:29:46","guid":{"rendered":"http:\/\/www.kvarnparksbadet.org\/?page_id=250"},"modified":"2026-04-29T21:10:49","modified_gmt":"2026-04-29T19:10:49","slug":"jobb","status":"publish","type":"page","link":"https:\/\/www.kvarnparksbadet.org\/?page_id=250","title":{"rendered":"Jobb"},"content":{"rendered":"<p><span style=\"color: #ff0000;\">Rekrytering av personal f\u00f6r sommaren 2026 \u00e4r nu AVSLUTAD. <\/span><br \/>\n<!--\n<span style=\"color: #ff0000;\">Rekrytering av personal f\u00f6r sommaren 2025 p\u00e5g\u00e5r. L\u00e4s texten nedan innan du skickar din ans\u00f6kan. Vi kommer kontakta alla s\u00f6kande under april.\n<\/span>\n\n--><\/p>\n<p>Kvarnparksbadet \u00e4r en av kommunens st\u00f6rsta arbetsgivare f\u00f6r feriearbetande ungdomar. Varje s\u00e4song kan vi erbjuda uppemot 30 ungdomar sommarjobb l\u00e4ngre eller kortare perioder. Inf\u00f6r varje s\u00e4song s\u00f6ker vi badvakter och simskolepersonal, caf\u00e9personal och entr\u00e9v\u00e4rdar.<\/p>\n<p><strong>Badvakt och simskolepersonal:<\/strong><img decoding=\"async\" loading=\"lazy\" class=\"alignright size-full wp-image-134\" title=\"Simskola\" src=\"http:\/\/www.kvarnparksbadet.org\/wp-content\/uploads\/2010\/03\/Simskola1.png\" alt=\"\" width=\"200\" height=\"299\"><br \/>\nKvarnparksbadet st\u00e4ller h\u00f6ga krav p\u00e5 s\u00e4kerhet i bass\u00e4ngomr\u00e5det. F\u00f6r att jobba som badvakt hos oss m\u00e5ste du vara 18 \u00e5r fyllda och det \u00e4r meriterande om du har genomg\u00e5tt kurser i till exempel livr\u00e4ddning, sjukv\u00e5rd och hj\u00e4rt-lungr\u00e4ddning. Arbetet innefattar f\u00f6rutom att bevaka bass\u00e4ngomr\u00e5det st\u00e4dning av omkl\u00e4dningsrum, assistans vid m\u00e4rkestagning och naturligtvis att ge v\u00e5ra badg\u00e4ster ett trevligt bem\u00f6tande.<\/p>\n<p><strong>Simskolepersonal:<\/strong><br \/>\nKvarnparksbadets simskola f\u00f6r barn p\u00e5g\u00e5r under f\u00f6rmiddagarna hela sommaren. Du kan vara anst\u00e4lld f\u00f6r att arbeta som badvakt och i simskolan, men du kan ocks\u00e5 s\u00f6ka arbete endast som badvakt eller simskolepersonal. F\u00f6r att arbeta i simskolan vill vi att du genomg\u00e5tt siml\u00e4rarutbildning. Du m\u00e5ste sj\u00e4lvklart vara t\u00e5lmodig samt en god pedagog. Vill du f\u00f6rutom Kvarnparksbadets ordinarie simskola engagera dig i att ge v\u00e5ra medlemmar privatlektioner samt arrangera kurser i vuxencrawl s\u00e5 ser vi mycket positivt p\u00e5 det.<\/p>\n<p><strong>Caf\u00e9personal:<\/strong><br \/>\nI Kvarnparksbadets caf\u00e9 s\u00e4ljer vi sj\u00e4lvklart godis, glass och dryck men vi serverar ocks\u00e5 ett antal r\u00e4tter s\u00e5som rostbiff med potatissallad, korv med mos och pannkakor med sylt och gr\u00e4dde. Arbetet i v\u00e5rt caf\u00e9 st\u00e4ller h\u00f6ga krav p\u00e5 s\u00e5v\u00e4l k\u00e4nsla f\u00f6r service och bem\u00f6tande samt hygien. Soliga dagar kan arbetet vara stressigt med l\u00e5nga k\u00f6er. I arbetet ing\u00e5r st\u00e4dning s\u00e5v\u00e4l i caf\u00e9et\/k\u00f6ket som utanf\u00f6r. Tidigare kassavana samt erfarenhet av likande arbete \u00e4r givetvis meriterande. Vi vill att du fyllt 16 \u00e5r f\u00f6r att jobba i caf\u00e9et.<\/p>\n<p><strong>Entr\u00e9v\u00e4rd:<\/strong><br \/>\nI arbetet som entr\u00e9v\u00e4rd ing\u00e5r samma uppgifter som f\u00f6r caf\u00e9personal. Dessutom tar du emot och tar betalt av v\u00e5ra g\u00e4ster. Du registrerar ocks\u00e5 v\u00e5ra nya medlemmar samt besvarar allehanda fr\u00e5gor om badet.<\/p>\n<p>Jobbans\u00f6kan skickas till <a href=\"mailto:jobb@kvarnparksbadet.org\">jobb@kvarnparksbadet.org<\/a><\/p>\n<p>Har du andra id\u00e9er? <a href=\"http:\/\/www.kvarnparksbadet.org\/?page_id=42\">Kontakta oss<\/a>!<\/p>\n","protected":false},"excerpt":{"rendered":"<p>Rekrytering av personal f\u00f6r sommaren 2026 \u00e4r nu AVSLUTAD. Kvarnparksbadet \u00e4r en av kommunens st\u00f6rsta arbetsgivare f\u00f6r feriearbetande ungdomar. Varje s\u00e4song kan vi erbjuda uppemot 30 ungdomar sommarjobb l\u00e4ngre eller kortare perioder. Inf\u00f6r varje s\u00e4song s\u00f6ker vi badvakter och simskolepersonal, caf\u00e9personal och entr\u00e9v\u00e4rdar. Badvakt och simskolepersonal: Kvarnparksbadet st\u00e4ller h\u00f6ga krav p\u00e5 s\u00e4kerhet i bass\u00e4ngomr\u00e5det. F\u00f6r [&hellip;]<\/p>\n","protected":false},"author":1,"featured_media":0,"parent":0,"menu_order":8,"comment_status":"closed","ping_status":"closed","template":"","meta":[],"_links":{"self":[{"href":"https:\/\/www.kvarnparksbadet.org\/index.php?rest_route=\/wp\/v2\/pages\/250"}],"collection":[{"href":"https:\/\/www.kvarnparksbadet.org\/index.php?rest_route=\/wp\/v2\/pages"}],"about":[{"href":"https:\/\/www.kvarnparksbadet.org\/index.php?rest_route=\/wp\/v2\/types\/page"}],"author":[{"embeddable":true,"href":"https:\/\/www.kvarnparksbadet.org\/index.php?rest_route=\/wp\/v2\/users\/1"}],"replies":[{"embeddable":true,"href":"https:\/\/www.kvarnparksbadet.org\/index.php?rest_route=%2Fwp%2Fv2%2Fcomments&post=250"}],"version-history":[{"count":53,"href":"https:\/\/www.kvarnparksbadet.org\/index.php?rest_route=\/wp\/v2\/pages\/250\/revisions"}],"predecessor-version":[{"id":1521,"href":"https:\/\/www.kvarnparksbadet.org\/index.php?rest_route=\/wp\/v2\/pages\/250\/revisions\/1521"}],"wp:attachment":[{"href":"https:\/\/www.kvarnparksbadet.org\/index.php?rest_route=%2Fwp%2Fv2%2Fmedia&parent=250"}],"curies":[{"name":"wp","href":"https:\/\/api.w.org\/{rel}","templated":true}]}}