{"id":25,"date":"2010-03-24T19:58:37","date_gmt":"2010-03-24T19:58:37","guid":{"rendered":"http:\/\/kvarnis.kicks-ass.org\/wordpress\/?page_id=25"},"modified":"2025-05-20T08:44:59","modified_gmt":"2025-05-20T06:44:59","slug":"medlemmar","status":"publish","type":"page","link":"https:\/\/www.kvarnparksbadet.org\/?page_id=25","title":{"rendered":"Bli medlem!"},"content":{"rendered":"<p>Badet kan endast fortleva med hj\u00e4lp av medlemsavgifter och bidrag fr\u00e5n kommunen.<br \/>\nVi m\u00e5ste bli fler medlemmar!<br \/>\nTillsammans kan vi trygga badets framtid.<\/p>\n<p><strong>Medlemsavgifter:<\/strong><br \/>\nSommarkort Familj: 1700:-<br \/>\nSommarkort Enskild medlem: 900:-<\/p>\n<p><strong>Medlemskort<\/strong><br \/>\nAlla i familjen \u00f6ver 3 \u00e5r ska ha ett eget kort.<br \/>\nF\u00f6r korten avl\u00e4ggs en kortavgift p\u00e5 25kr\/kort. Kortet kan sparas till n\u00e4sta \u00e5r och kommer d\u00e5 att g\u00e4lla efter att medlemsavgiften \u00e4r betalad.<\/p>\n<p><strong>Provbad<\/strong><br \/>\nProvbad: 100kr. Bes\u00f6kande som ej \u00e4r medlem p\u00e5 badet kan l\u00f6sa provbadsbiljett. Dessa kostar 100kr\/person, denna avgift kan dras av vid tecknande av sommarkort (g\u00e4ller 1 kvitto om max 500kr f\u00f6r sommarkort familj och 200kr f\u00f6r sommarkort enskild). <strong><span style=\"color: #ff0000;\">F\u00f6r att kunna g\u00f6ra detta avdrag m\u00e5ste betalning ske p\u00e5 badet d\u00e4r samtidigt kvitto ska visas upp.<\/span><\/strong><\/p>\n<p><strong>G\u00e4stbiljett<\/strong><br \/>\nG\u00e4stbiljett: 80kr. Innehavare sommarkort kan ta med en g\u00e4st som d\u00e5 l\u00f6ser g\u00e4stbiljett f\u00f6r 80kr.<\/p>\n<p><strong>Medlemsregistrering<\/strong><br \/>\nF\u00f6r att det skall bli s\u00e5 smidigt som m\u00f6jligt f\u00f6r alla <strong><span style=\"color: #ff0000;\">nya<\/span><\/strong> medlemmar ber vi er fylla i <a title=\"Webanm\u00e4lan medlem\" href=\"http:\/\/www.kvarnparksbadet.org\/webreg\/new_member.php\" target=\"_self\" rel=\"noopener noreferrer\">webformul\u00e4ret<\/a>.<\/p>\n<p>Vi registerar din medlemsanm\u00e4lan<br \/>\nD\u00e4refter erh\u00e5ller ni ett mejl med ett OCR-nummer samt instruktioner f\u00f6r betalning.<br \/>\nViktigt att ange OCR-nummer vid betalning!<\/p>\n<p>S\u00e5 snart Kvarnparksbadet bokf\u00f6rt betalningen erh\u00e5ller ni ett mejl som bekr\u00e4ftar er inbetalning.<br \/>\nN\u00e4sta g\u00e5ng ni bes\u00f6ker badet tar vi foto p\u00e5 alla familjemedlemmar.<br \/>\nI samband med fotograferingen l\u00e4mnas medlemskorten ut.<br \/>\n(F\u00f6r medlemskorten vill vi ha en liten avgift, 25 kr\/kort)<\/p>\n<p>\u00d6nskar ni komma till badet innan ni erh\u00e5llit bekr\u00e4ftelsen g\u00e5r det bra att ta med en kopia\/utskrift p\u00e5 att betalning gjorts samt legitimation och visa upp detta i entr\u00e9n s\u00e5 accepterar vi det som tillf\u00e4lligt medlemskort.<\/p>\n<p>N\u00e4r ni bes\u00f6ker badet ber vi er att alltid dra kortet f\u00f6rbi den ber\u00f6ringsfria kortl\u00e4saren s\u00e5 att bes\u00f6ket registreras.<br \/>\nDetta ger oss statistik p\u00e5 hur m\u00e5nga bes\u00f6k vi har p\u00e5 Kvarnparksbadet och kan planera personalen effektivare vid olika tider p\u00e5 s\u00e4songen.<br \/>\nKommer hela familjen s\u00e5 l\u00e5t varje kortinnehavare dra sitt kort f\u00f6rbi l\u00e4saren.<\/p>\n<p><strong>F\u00f6retags-\/sponsringsmedlemskap<\/strong><br \/>\nKontakta oss f\u00f6r mer information<\/p>\n","protected":false},"excerpt":{"rendered":"<p>Badet kan endast fortleva med hj\u00e4lp av medlemsavgifter och bidrag fr\u00e5n kommunen. Vi m\u00e5ste bli fler medlemmar! Tillsammans kan vi trygga badets framtid. Medlemsavgifter: Sommarkort Familj: 1700:- Sommarkort Enskild medlem: 900:- Medlemskort Alla i familjen \u00f6ver 3 \u00e5r ska ha ett eget kort. F\u00f6r korten avl\u00e4ggs en kortavgift p\u00e5 25kr\/kort. Kortet kan sparas till n\u00e4sta [&hellip;]<\/p>\n","protected":false},"author":1,"featured_media":0,"parent":0,"menu_order":2,"comment_status":"closed","ping_status":"closed","template":"","meta":[],"_links":{"self":[{"href":"https:\/\/www.kvarnparksbadet.org\/index.php?rest_route=\/wp\/v2\/pages\/25"}],"collection":[{"href":"https:\/\/www.kvarnparksbadet.org\/index.php?rest_route=\/wp\/v2\/pages"}],"about":[{"href":"https:\/\/www.kvarnparksbadet.org\/index.php?rest_route=\/wp\/v2\/types\/page"}],"author":[{"embeddable":true,"href":"https:\/\/www.kvarnparksbadet.org\/index.php?rest_route=\/wp\/v2\/users\/1"}],"replies":[{"embeddable":true,"href":"https:\/\/www.kvarnparksbadet.org\/index.php?rest_route=%2Fwp%2Fv2%2Fcomments&post=25"}],"version-history":[{"count":36,"href":"https:\/\/www.kvarnparksbadet.org\/index.php?rest_route=\/wp\/v2\/pages\/25\/revisions"}],"predecessor-version":[{"id":1485,"href":"https:\/\/www.kvarnparksbadet.org\/index.php?rest_route=\/wp\/v2\/pages\/25\/revisions\/1485"}],"wp:attachment":[{"href":"https:\/\/www.kvarnparksbadet.org\/index.php?rest_route=%2Fwp%2Fv2%2Fmedia&parent=25"}],"curies":[{"name":"wp","href":"https:\/\/api.w.org\/{rel}","templated":true}]}}