{"id":2,"date":"2010-03-07T21:32:09","date_gmt":"2010-03-07T21:32:09","guid":{"rendered":"http:\/\/kvarnis.kicks-ass.org\/wordpress\/?page_id=2"},"modified":"2010-04-05T14:47:53","modified_gmt":"2010-04-05T14:47:53","slug":"om","status":"publish","type":"page","link":"https:\/\/www.kvarnparksbadet.org\/?page_id=2","title":{"rendered":"Om f\u00f6reningen"},"content":{"rendered":"<p><!-- \t\t@page { margin: 2cm } \t\tP { margin-bottom: 0.21cm } -->Kvarnparksbadet byggdes 1967 och var d\u00e5 det enda allm\u00e4nna uppv\u00e4rmda badet i Danderyd. I b\u00f6rjan av 80-talet hade badanl\u00e4ggningen stora brister pga. eftersatt underh\u00e5ll och badet kom bara att nyttjas som ett s\u00e4songsbad \u00f6ver sommaren. 1986 byggdes M\u00f6rbybadet, redan d\u00e5 ville kommunen riva Kvarnparksbadet men olika intressegrupper lyckades f\u00f6rm\u00e5 kommunen att beh\u00e5lla det som ett sommarbad, bemannat med badpersonal fr\u00e5n M\u00f6rbybadet som d\u00e5  h\u00f6ll st\u00e4ngt motsvarande tid. Under denna period blev Kvarnparksbadets f\u00f6rfall \u00e4n mer p\u00e5tagligt och i b\u00f6rjan av 90-talet togs beslut om st\u00e4ngning \/ rivning av badet. N\u00e5gra alerta kommuninv\u00e5nare med \u00d6rjan Frid i spetsen uppm\u00e4rksammade detta och bildade 1991 \u2013 Kvarnparksbadets V\u00e4nner.<\/p>\n<p>M\u00e5ls\u00e4ttningen f\u00f6r Kvarnparksbadets v\u00e4nner var att f\u00f6rm\u00e5 kommunen att forts\u00e4tta driften av badet under sommaren. Man lyckades f\u00f6rhandla fram en l\u00f6sning d\u00e4r v\u00e4nf\u00f6reningen skulle st\u00e5 f\u00f6r drift -och reparationskostnader och kommunen f\u00f6r personalkostnader. F\u00f6reningen lyckades f\u00e5 513 medlemmar f\u00f6rsta \u00e5ret och klarade d\u00e4rmed sitt \u00e5tagande gentemot kommunen. \u00c5ren 1992 och 1993 drevs badet vidare p\u00e5 samma premisser trots att kommunen hela tiden \u00f6kade kravet p\u00e5 f\u00f6reningen, att bekosta en allt st\u00f6rre del av badets totala driftkostnader. I slutet av 1993 tog kommunen \u00e5nyo beslut om definitiv st\u00e4ngning av badet, s\u00e5vida inte f\u00f6reningen tog \u00f6ver badet helt i egen regi.<\/p>\n<p style=\"text-align: center;\"><img decoding=\"async\" loading=\"lazy\" class=\"size-full wp-image-128 aligncenter\" title=\"Anlaggningen2\" src=\"http:\/\/www.kvarnparksbadet.org\/wp-content\/uploads\/2010\/03\/Anlaggningen2.png\" alt=\"\" width=\"300\" height=\"225\" \/><\/p>\n<p>Ett \u00f6verl\u00e5telse och nyttjander\u00e4ttsavtal tr\u00e4ffades mellan kommunen och f\u00f6reningen. En s\u00e5 kallad \u201dmotorgrupp\u201d bildades f\u00f6r att organisera och m\u00f6jligg\u00f6ra drift av badet helt p\u00e5 egen hand. Den f\u00f6rsta s\u00e4songen 1994 kunde genomf\u00f6ras tack vare ALU-arbetsmarknadsst\u00f6d och m\u00e5nga timmar av id\u00e9ellt arbete. Kiosken f\u00f6rb\u00e4ttrades genom att en ny bardisk byggdes utanf\u00f6r sj\u00e4lva k\u00f6ket. H\u00f6sten 1994 och under 1995 renoverades badet helt och \u00e5r 1996 erh\u00f6ll f\u00f6reningen bidrag av Nutek f\u00f6r att bygga en solf\u00e5ngaranl\u00e4ggning<sup> <\/sup>. Anl\u00e4ggningen f\u00f6rv\u00e4rmer duschvatten och bidrar till uppv\u00e4rmning av stora bass\u00e4ngen. Dam och herrbastun fick ocks\u00e5 ny panel detta \u00e5r. \u00c4ven Smedjan, v\u00e5r trevliga fest och uthyrningslokal, fick en v\u00e4lbeh\u00f6vlig omm\u00e5lning.<\/p>\n<p>Inf\u00f6r 1997 \u00e5rs s\u00e4song s\u00e5g det dystert ut med ett beskuret bidrag av kommunen.  Arbetsf\u00f6rmedlingen ville inte heller bist\u00e5 f\u00f6reningen l\u00e4ngre med arbetsl\u00f6s personal. Inledningen blev kylig \u00e4ven v\u00e4derm\u00e4ssigt. Personalfr\u00e5gan fick sin l\u00f6sning och v\u00e4dret b\u00e4ttrade sig varvid sommaren kom att bli en av \u00e5rhundradets b\u00e4sta. Detta gav en stor tillstr\u00f6mning av medlemmar som till slut inr\u00e4knade 817 st. Simskoleverksamheten \u00f6kade likv\u00e4l som kioskf\u00f6rs\u00e4ljning och m\u00e4rkestagning. Det ekonomiska utfallet gjorde att f\u00f6reningen kunde p\u00e5b\u00f6rja en v\u00e4lbeh\u00f6vlig upprustning av den slitna och tr\u00e5nga barnbass\u00e4ngen. Efter moget \u00f6verv\u00e4gande best\u00e4mde man sig f\u00f6r att bygga en helt ny och st\u00f6rre barnbass\u00e4ng med en separat avdelning f\u00f6r de minsta.<\/p>\n<p>V\u00e5ren 1998 slutf\u00f6rdes arbetet med den nya barnbass\u00e4ngen, \u00e4ven denna g\u00e5ng med hj\u00e4lp av ett antal trogna medlemmars idoga insatser. Den nya nu mycket uppskattade barnbass\u00e4ngen kom dock att markant \u00f6ka driftkostnaderna. Detta \u00e5r klarade f\u00f6reningen bemanningen helt i egen regi trots ett lika beskuret driftbidrag  som \u00e5ret innan.<\/p>\n<p>Ytterligare en av \u00e5rhundradets varmaste somrar inf\u00f6ll 1999. M\u00e5nga badande i bass\u00e4ngerna st\u00e4ller h\u00f6ga krav p\u00e5 utrustning f\u00f6r vattenkvalit\u00e9 och rening. F\u00f6r att klara detta installerades en modern doseringsanl\u00e4ggning f\u00f6r klor och syra. Stora bass\u00e4ngens cirkulationspump havererade och byttes ut.<\/p>\n<p><img decoding=\"async\" loading=\"lazy\" class=\"aligncenter size-full wp-image-130\" title=\"Hopp\" src=\"http:\/\/www.kvarnparksbadet.org\/wp-content\/uploads\/2010\/03\/Hopp.png\" alt=\"\" width=\"300\" height=\"201\" \/><\/p>\n<p lang=\"en-US\"><span style=\"color: #000000;\">S\u00e4songen 2000 bj\u00f6d inte p\u00e5 n\u00e5gra st\u00f6rre sensationer vad betr\u00e4ffar v\u00e4dret, mycket regn och bl\u00e5st gjorde att medlemsantalet sj\u00f6nk. Smedjan  fick en v\u00e4lbeh\u00f6vlig uppfr\u00e4schning med m\u00e5lning, ljudd\u00e4mpning och ny belysning.<\/span><\/p>\n<p lang=\"en-US\"><span style=\"color: #000000;\">Sen dess har arbetet med anl\u00e4ggningen rullat p\u00e5. B\u00e5de simskolan och badet har vuxit I medlemsantal, men det \u00e4r l\u00e4tt att gl\u00f6mma bort all den kraft, ansvar och omsorg som fordras f\u00f6r att h\u00e5lla Kvarnparksbadet vid liv. Ovanst\u00e5ende historik beskriver ju endast ytligt de st\u00f6rre tekniska \u00e5tg\u00e4rderna och verksamheten i stort. De lite mer dagliga arbetet med kiosk, ink\u00f6p av varor, personal, sm\u00e5reparationer, vattenkvalit\u00e9, skadeg\u00f6relse, hantverkare, medlemsregister, ekonomi, m.m. f\u00e5r inte gl\u00f6mmas bort.  Kvarnparksbadets verksamhet \u00e4r som litet f\u00f6retag, d\u00e4r m\u00e5nga i styrelsen l\u00e4gger ned hundratals timmar helt ideellt till nytta och gl\u00e4dje f\u00f6r tusentals Danderydsbor. <\/span><\/p>\n","protected":false},"excerpt":{"rendered":"<p>Kvarnparksbadet byggdes 1967 och var d\u00e5 det enda allm\u00e4nna uppv\u00e4rmda badet i Danderyd. I b\u00f6rjan av 80-talet hade badanl\u00e4ggningen stora brister pga. eftersatt underh\u00e5ll och badet kom bara att nyttjas som ett s\u00e4songsbad \u00f6ver sommaren. 1986 byggdes M\u00f6rbybadet, redan d\u00e5 ville kommunen riva Kvarnparksbadet men olika intressegrupper lyckades f\u00f6rm\u00e5 kommunen att beh\u00e5lla det som ett [&hellip;]<\/p>\n","protected":false},"author":1,"featured_media":0,"parent":0,"menu_order":7,"comment_status":"closed","ping_status":"closed","template":"","meta":[],"_links":{"self":[{"href":"https:\/\/www.kvarnparksbadet.org\/index.php?rest_route=\/wp\/v2\/pages\/2"}],"collection":[{"href":"https:\/\/www.kvarnparksbadet.org\/index.php?rest_route=\/wp\/v2\/pages"}],"about":[{"href":"https:\/\/www.kvarnparksbadet.org\/index.php?rest_route=\/wp\/v2\/types\/page"}],"author":[{"embeddable":true,"href":"https:\/\/www.kvarnparksbadet.org\/index.php?rest_route=\/wp\/v2\/users\/1"}],"replies":[{"embeddable":true,"href":"https:\/\/www.kvarnparksbadet.org\/index.php?rest_route=%2Fwp%2Fv2%2Fcomments&post=2"}],"version-history":[{"count":20,"href":"https:\/\/www.kvarnparksbadet.org\/index.php?rest_route=\/wp\/v2\/pages\/2\/revisions"}],"predecessor-version":[{"id":267,"href":"https:\/\/www.kvarnparksbadet.org\/index.php?rest_route=\/wp\/v2\/pages\/2\/revisions\/267"}],"wp:attachment":[{"href":"https:\/\/www.kvarnparksbadet.org\/index.php?rest_route=%2Fwp%2Fv2%2Fmedia&parent=2"}],"curies":[{"name":"wp","href":"https:\/\/api.w.org\/{rel}","templated":true}]}}